
{"id":1511,"date":"2020-07-29T10:30:30","date_gmt":"2020-07-29T08:30:30","guid":{"rendered":"https:\/\/brucsalut.com\/actualitat\/"},"modified":"2023-02-14T13:26:19","modified_gmt":"2023-02-14T12:26:19","slug":"actualidad","status":"publish","type":"page","link":"https:\/\/brucsalut.com\/es\/actualidad\/","title":{"rendered":"Actualidad"},"content":{"rendered":"\t\t<div data-elementor-type=\"wp-page\" data-elementor-id=\"1511\" class=\"elementor elementor-1511 elementor-462\">\n\t\t\t\t\t\t<section class=\"elementor-section elementor-top-section elementor-element elementor-element-38d21a6e elementor-section-height-full elementor-section-full_width elementor-section-height-default elementor-section-items-middle\" data-id=\"38d21a6e\" data-element_type=\"section\" data-e-type=\"section\" data-settings=\"{&quot;background_background&quot;:&quot;classic&quot;}\">\n\t\t\t\t\t\t\t<div class=\"elementor-background-overlay\"><\/div>\n\t\t\t\t\t\t\t<div class=\"elementor-container elementor-column-gap-default\">\n\t\t\t\t\t<div class=\"elementor-column elementor-col-33 elementor-top-column elementor-element elementor-element-2a5b8ff3\" data-id=\"2a5b8ff3\" data-element_type=\"column\" data-e-type=\"column\" data-settings=\"{&quot;background_background&quot;:&quot;classic&quot;}\">\n\t\t\t<div class=\"elementor-widget-wrap\">\n\t\t\t\t\t\t\t<\/div>\n\t\t<\/div>\n\t\t\t\t<div class=\"elementor-column elementor-col-33 elementor-top-column elementor-element elementor-element-10c46bf1\" data-id=\"10c46bf1\" data-element_type=\"column\" data-e-type=\"column\" data-settings=\"{&quot;background_background&quot;:&quot;classic&quot;}\">\n\t\t\t<div class=\"elementor-widget-wrap elementor-element-populated\">\n\t\t\t\t\t\t<div class=\"elementor-element elementor-element-48c2af9 elementor-absolute elementor-widget elementor-widget-image\" data-id=\"48c2af9\" data-element_type=\"widget\" data-e-type=\"widget\" data-settings=\"{&quot;_position&quot;:&quot;absolute&quot;}\" data-widget_type=\"image.default\">\n\t\t\t\t<div class=\"elementor-widget-container\">\n\t\t\t\t\t\t\t\t\t\t\t\t\t\t\t<img fetchpriority=\"high\" decoding=\"async\" width=\"777\" height=\"776\" src=\"https:\/\/brucsalut.com\/wp-content\/uploads\/2020\/07\/Group-747-Copy@3x.png\" class=\"attachment-large size-large wp-image-1234\" alt=\"\" srcset=\"https:\/\/brucsalut.com\/wp-content\/uploads\/2020\/07\/Group-747-Copy@3x.png 777w, https:\/\/brucsalut.com\/wp-content\/uploads\/2020\/07\/Group-747-Copy@3x-300x300.png 300w, https:\/\/brucsalut.com\/wp-content\/uploads\/2020\/07\/Group-747-Copy@3x-150x150.png 150w, https:\/\/brucsalut.com\/wp-content\/uploads\/2020\/07\/Group-747-Copy@3x-768x767.png 768w\" sizes=\"(max-width: 777px) 100vw, 777px\" \/>\t\t\t\t\t\t\t\t\t\t\t\t\t\t\t<\/div>\n\t\t\t\t<\/div>\n\t\t\t\t<div class=\"elementor-element elementor-element-4dafb3db elementor-invisible elementor-widget elementor-widget-heading\" data-id=\"4dafb3db\" data-element_type=\"widget\" data-e-type=\"widget\" data-settings=\"{&quot;_animation&quot;:&quot;fadeIn&quot;,&quot;_animation_delay&quot;:600}\" data-widget_type=\"heading.default\">\n\t\t\t\t<div class=\"elementor-widget-container\">\n\t\t\t\t\t<h1 class=\"elementor-heading-title elementor-size-default\">Actualitat<\/h1>\t\t\t\t<\/div>\n\t\t\t\t<\/div>\n\t\t\t\t\t<\/div>\n\t\t<\/div>\n\t\t\t\t<div class=\"elementor-column elementor-col-33 elementor-top-column elementor-element elementor-element-462f7767\" data-id=\"462f7767\" data-element_type=\"column\" data-e-type=\"column\">\n\t\t\t<div class=\"elementor-widget-wrap elementor-element-populated\">\n\t\t\t\t\t\t<div class=\"elementor-element elementor-element-3e38621 elementor-widget elementor-widget-image\" data-id=\"3e38621\" data-element_type=\"widget\" data-e-type=\"widget\" data-widget_type=\"image.default\">\n\t\t\t\t<div class=\"elementor-widget-container\">\n\t\t\t\t\t\t\t\t\t\t\t\t\t\t\t<img decoding=\"async\" width=\"448\" height=\"282\" src=\"https:\/\/brucsalut.com\/wp-content\/uploads\/2020\/07\/Group-179@3x.png\" class=\"attachment-large size-large wp-image-1236\" alt=\"\" srcset=\"https:\/\/brucsalut.com\/wp-content\/uploads\/2020\/07\/Group-179@3x.png 448w, https:\/\/brucsalut.com\/wp-content\/uploads\/2020\/07\/Group-179@3x-300x189.png 300w\" sizes=\"(max-width: 448px) 100vw, 448px\" \/>\t\t\t\t\t\t\t\t\t\t\t\t\t\t\t<\/div>\n\t\t\t\t<\/div>\n\t\t\t\t\t<\/div>\n\t\t<\/div>\n\t\t\t\t\t<\/div>\n\t\t<\/section>\n\t\t\t\t<section class=\"elementor-section elementor-top-section elementor-element elementor-element-a858636 elementor-section-boxed elementor-section-height-default elementor-section-height-default\" data-id=\"a858636\" data-element_type=\"section\" data-e-type=\"section\">\n\t\t\t\t\t\t<div class=\"elementor-container elementor-column-gap-default\">\n\t\t\t\t\t<div class=\"elementor-column elementor-col-100 elementor-top-column elementor-element elementor-element-0f4f01b\" data-id=\"0f4f01b\" data-element_type=\"column\" data-e-type=\"column\">\n\t\t\t<div class=\"elementor-widget-wrap elementor-element-populated\">\n\t\t\t\t\t\t<div class=\"elementor-element elementor-element-aaada73 elementor-widget elementor-widget-pafe-posts-list\" data-id=\"aaada73\" data-element_type=\"widget\" data-e-type=\"widget\" data-widget_type=\"pafe-posts-list.default\">\n\t\t\t\t<div class=\"elementor-widget-container\">\n\t\t\t\t\t \n\t\t\t<div class=\"pafe-posts-list\" data-pafe-posts-list data-pafe-posts-list-option='{\"taxonomy\":\"category\",\"post_type\":\"post\",\"post_per_pages\":7,\"author\":\"yes\",\"date\":\"yes\",\"excerpt\":\"\",\"layout_type\":\"layout_2\"}'>\n\t\t\t\t\n\t\t\t\t<div class=\"pafe-posts-list__post\" data-pafe-tab-content-post>\n\t\t\t\t\t\t<div class=\"pafe-posts-list-first-show_layout-2\">\n\t\t\t\t\t\t\t\n\t\t\t\t\t\t\t\t\t\t\t\t\t\t\t<div class=\"pafe-post-list__left\">\n\t\t\t\t\t\t\t\t\t<div class=\"pafe-card-left\">\n\t\t\t\t\t\t\t\t\t\t\t\t\t\t\t\t\t\t\t\t<div class=\"pafe-card-left__inner\" style=\"background-image: url('https:\/\/brucsalut.com\/wp-content\/uploads\/2025\/02\/image23.png');\">\n\t\t\t\t\t\t\t\t\t\t\t\t\t\t\t\t\t\t\t\t\t\t\t\t\t\t\t\t\t \t\t<a class=\"pafe-card-left__content\" href=\"https:\/\/brucsalut.com\/es\/soledat-i-depressio-postpart\/\">\t\n\t\t\t\t\t\t\t\t\t\t\t\t<div class=\"pafe-card-left__title\">Soledad y depresi\u00f3n posparto<\/div>\n\t\t\t\t\t\t\t\t\t\t\t\t<div class=\"pafe-card-left__info\">\n\t\t\t\t\t\t\t\t\t\t\t\t\t\t\t\t\t\t\t\t\t\t\t\t\t\t<span class=\"pafe-card-left__author\">\n\t\t\t\t\t\t\t\t\t\t\t\t\t\t<i class=\"fa fa-user\" aria-hidden=\"true\"><\/i>brucsalut\t\t\t\t\t\t\t\t\t\t\t\t\t<\/span>\n\t\t\t\t\t\t\t\t\t\t\t\t\t\t\n\t\t\t\t\t\t\t\t\t\t\t\t\t\t\t\t\t\t\t\t\t\t\t\t\t\t<span class=\"pafe-card-left__tag\" style=\"padding-left: 10px;\">\n\t\t\t\t\t\t\t\t\t\t\t\t\t\t<i class=\"far fa-clock\"><\/i>  27 de febrero de 2025\t\t\t\t\t\t\t\t\t\t\t\t\t<\/span>\n\t\t\t\t\t\t\t\t\t\t\t\t\t \n\t\t\t\t\t\t\t\t\t\t\t\t<\/div>\t\n\t\t\t\t\t\t\t\t\t\t\t<\/a>\n\t\t\t\t\t\t\t\t\t\t\t\n\t\t\t\t\t\t\t\t\t\t<\/div>  \n\t\t\t\t\t\t\t\t\t\t\t\t\t\t\t\t\t\t\t<\/div>\t\n\t\t\t\t\t\t\t\t<\/div>\n\t\t\t\t\t\t\t\t  \n\t\t\t\t\t\t\t\t\t\t\t\t\t\t\t\n\t\t\t\t\t\t\t\t\n\t\t\t\t\t\t\t\t  \n\t\t\t\t\t\t\t\t \n\t\t\t\t\t\t\t\t<div class=\"pafe-post-list__right\">\n\t\t\t\t\t\t\t\t\t\t\t\t\t\t\t\n\t\t\t\t\t\t\t\t\t<div class=\"pafe-card-right\"> \n\t\t\t\t\t\t\t\t\t\t<div class=\"pafe-card-right__inner\">\n\t\t\t\t\t\t\t\t\t\t\t<a class=\"pafe-card-right__thumbnail\" href=\"https:\/\/brucsalut.com\/es\/jocs-i-bebes\/\" style=\"background-image: url('https:\/\/brucsalut.com\/wp-content\/uploads\/2025\/02\/image22.png');\">\n\t\t\t\t\t\t\t\t\t\t\t<\/a>\n\t\t\t\t\t\t\t\t\t\t\t<div class=\"pafe-card-right__content\">\t\t\t\n\t\t\t\t\t\t\t\t\t\t\t\t<a href=\"https:\/\/brucsalut.com\/es\/jocs-i-bebes\/\"><div class=\"pafe-card-right__title\"> Juegos y beb\u00e9s<\/div><\/a>\n\t\t\t\t\t\t\t\t\t\t\t\t\t\t\t\t\t\t\t\t\t\t\t<div class=\"pafe-card-right__info\">\n\t\t\t\t\t\t\t\t\t\t\t\t\t\t\t\t\t\t\t\t\t\t\t\t\t<span class=\"pafe-card-right__tag\">\n\t\t\t\t\t\t\t\t\t\t\t\t\t\t<i class=\"far fa-clock\"><\/i> 27 de febrero de 2025\t\t\t\t\t\t\t\t\t\t\t\t\t<\/span>  \n\t\t\t\t\t\t\t\t\t\t\t\t\t\t\t\t\t\t\t\t\t\t\t\t<\/div>\n\t\t\t\t\t\t\t\t\t\t\t<\/div>\n\t\t\t\t\t\t\t\t\t\t<\/div>\n\t\t\t\t\t\t\t\t\t<\/div> \n\t\t\t\t\t\t\t\t\n\t\t\t\t\t\t\t\t\n\t\t\t\t\t\t\t\t  \n\t\t\t\t\t\t\t\t\t\t\t\t\t\t\t\n\t\t\t\t\t\t\t\t\t<div class=\"pafe-card-right\"> \n\t\t\t\t\t\t\t\t\t\t<div class=\"pafe-card-right__inner\">\n\t\t\t\t\t\t\t\t\t\t\t<a class=\"pafe-card-right__thumbnail\" href=\"https:\/\/brucsalut.com\/es\/la-curiositat-cientifica\/\" style=\"background-image: url('https:\/\/brucsalut.com\/wp-content\/uploads\/2025\/02\/image21.png');\">\n\t\t\t\t\t\t\t\t\t\t\t<\/a>\n\t\t\t\t\t\t\t\t\t\t\t<div class=\"pafe-card-right__content\">\t\t\t\n\t\t\t\t\t\t\t\t\t\t\t\t<a href=\"https:\/\/brucsalut.com\/es\/la-curiositat-cientifica\/\"><div class=\"pafe-card-right__title\"> La curiosidad cient\u00edfica<\/div><\/a>\n\t\t\t\t\t\t\t\t\t\t\t\t\t\t\t\t\t\t\t\t\t\t\t<div class=\"pafe-card-right__info\">\n\t\t\t\t\t\t\t\t\t\t\t\t\t\t\t\t\t\t\t\t\t\t\t\t\t<span class=\"pafe-card-right__tag\">\n\t\t\t\t\t\t\t\t\t\t\t\t\t\t<i class=\"far fa-clock\"><\/i> 27 de febrero de 2025\t\t\t\t\t\t\t\t\t\t\t\t\t<\/span>  \n\t\t\t\t\t\t\t\t\t\t\t\t\t\t\t\t\t\t\t\t\t\t\t\t<\/div>\n\t\t\t\t\t\t\t\t\t\t\t<\/div>\n\t\t\t\t\t\t\t\t\t\t<\/div>\n\t\t\t\t\t\t\t\t\t<\/div> \n\t\t\t\t\t\t\t\t\n\t\t\t\t\t\t\t\t\n\t\t\t\t\t\t\t\t  \n\t\t\t\t\t\t\t\t\t\t\t\t\t\t\t\n\t\t\t\t\t\t\t\t\t<div class=\"pafe-card-right\"> \n\t\t\t\t\t\t\t\t\t\t<div class=\"pafe-card-right__inner\">\n\t\t\t\t\t\t\t\t\t\t\t<a class=\"pafe-card-right__thumbnail\" href=\"https:\/\/brucsalut.com\/es\/el-cribatge-per-a-la-salut-mental-perinatal\/\" style=\"background-image: url('https:\/\/brucsalut.com\/wp-content\/uploads\/2025\/02\/image16.jpeg');\">\n\t\t\t\t\t\t\t\t\t\t\t<\/a>\n\t\t\t\t\t\t\t\t\t\t\t<div class=\"pafe-card-right__content\">\t\t\t\n\t\t\t\t\t\t\t\t\t\t\t\t<a href=\"https:\/\/brucsalut.com\/es\/el-cribatge-per-a-la-salut-mental-perinatal\/\"><div class=\"pafe-card-right__title\"> El cribado para la salud mental perinatal pretende una&hellip;<\/div><\/a>\n\t\t\t\t\t\t\t\t\t\t\t\t\t\t\t\t\t\t\t\t\t\t\t<div class=\"pafe-card-right__info\">\n\t\t\t\t\t\t\t\t\t\t\t\t\t\t\t\t\t\t\t\t\t\t\t\t\t<span class=\"pafe-card-right__tag\">\n\t\t\t\t\t\t\t\t\t\t\t\t\t\t<i class=\"far fa-clock\"><\/i> 27 de febrero de 2025\t\t\t\t\t\t\t\t\t\t\t\t\t<\/span>  \n\t\t\t\t\t\t\t\t\t\t\t\t\t\t\t\t\t\t\t\t\t\t\t\t<\/div>\n\t\t\t\t\t\t\t\t\t\t\t<\/div>\n\t\t\t\t\t\t\t\t\t\t<\/div>\n\t\t\t\t\t\t\t\t\t<\/div> \n\t\t\t\t\t\t\t\t\n\t\t\t\t\t\t\t\t\n\t\t\t\t\t\t\t\t  \n\t\t\t\t\t\t\t\t\t\t\t\t\t\t\t\n\t\t\t\t\t\t\t\t\t<div class=\"pafe-card-right\"> \n\t\t\t\t\t\t\t\t\t\t<div class=\"pafe-card-right__inner\">\n\t\t\t\t\t\t\t\t\t\t\t<a class=\"pafe-card-right__thumbnail\" href=\"https:\/\/brucsalut.com\/es\/2-presentaciones-en-el-congreso-marce-sobre-grupos-con-el-grupo-de-ginebra-hug\/\" style=\"background-image: url('https:\/\/brucsalut.com\/wp-content\/uploads\/2025\/02\/image12.jpeg');\">\n\t\t\t\t\t\t\t\t\t\t\t<\/a>\n\t\t\t\t\t\t\t\t\t\t\t<div class=\"pafe-card-right__content\">\t\t\t\n\t\t\t\t\t\t\t\t\t\t\t\t<a href=\"https:\/\/brucsalut.com\/es\/2-presentaciones-en-el-congreso-marce-sobre-grupos-con-el-grupo-de-ginebra-hug\/\"><div class=\"pafe-card-right__title\"> 2 presentaciones en el Congreso\u00a0Marc\u00e9\u00a0sobre grupos con el grupo&hellip;<\/div><\/a>\n\t\t\t\t\t\t\t\t\t\t\t\t\t\t\t\t\t\t\t\t\t\t\t<div class=\"pafe-card-right__info\">\n\t\t\t\t\t\t\t\t\t\t\t\t\t\t\t\t\t\t\t\t\t\t\t\t\t<span class=\"pafe-card-right__tag\">\n\t\t\t\t\t\t\t\t\t\t\t\t\t\t<i class=\"far fa-clock\"><\/i> 24 de septiembre de 2024\t\t\t\t\t\t\t\t\t\t\t\t\t<\/span>  \n\t\t\t\t\t\t\t\t\t\t\t\t\t\t\t\t\t\t\t\t\t\t\t\t<\/div>\n\t\t\t\t\t\t\t\t\t\t\t<\/div>\n\t\t\t\t\t\t\t\t\t\t<\/div>\n\t\t\t\t\t\t\t\t\t<\/div> \n\t\t\t\t\t\t\t\t\n\t\t\t\t\t\t\t\t\n\t\t\t\t\t\t\t\t  \n\t\t\t\t\t\t\t\t\t\t\t\t\t\t\t\n\t\t\t\t\t\t\t\t\t<div class=\"pafe-card-right\"> \n\t\t\t\t\t\t\t\t\t\t<div class=\"pafe-card-right__inner\">\n\t\t\t\t\t\t\t\t\t\t\t<a class=\"pafe-card-right__thumbnail\" href=\"https:\/\/brucsalut.com\/es\/psychoanalysis-an-anchor-in-chaotic-times\/\" style=\"background-image: url('https:\/\/brucsalut.com\/wp-content\/uploads\/2020\/07\/Polygon@2x-1.png');\">\n\t\t\t\t\t\t\t\t\t\t\t<\/a>\n\t\t\t\t\t\t\t\t\t\t\t<div class=\"pafe-card-right__content\">\t\t\t\n\t\t\t\t\t\t\t\t\t\t\t\t<a href=\"https:\/\/brucsalut.com\/es\/psychoanalysis-an-anchor-in-chaotic-times\/\"><div class=\"pafe-card-right__title\"> Psychoanalysis: An Anchor in Chaotic Times<\/div><\/a>\n\t\t\t\t\t\t\t\t\t\t\t\t\t\t\t\t\t\t\t\t\t\t\t<div class=\"pafe-card-right__info\">\n\t\t\t\t\t\t\t\t\t\t\t\t\t\t\t\t\t\t\t\t\t\t\t\t\t<span class=\"pafe-card-right__tag\">\n\t\t\t\t\t\t\t\t\t\t\t\t\t\t<i class=\"far fa-clock\"><\/i> 25 de julio de 2024\t\t\t\t\t\t\t\t\t\t\t\t\t<\/span>  \n\t\t\t\t\t\t\t\t\t\t\t\t\t\t\t\t\t\t\t\t\t\t\t\t<\/div>\n\t\t\t\t\t\t\t\t\t\t\t<\/div>\n\t\t\t\t\t\t\t\t\t\t<\/div>\n\t\t\t\t\t\t\t\t\t<\/div> \n\t\t\t\t\t\t\t\t\n\t\t\t\t\t\t\t\t\n\t\t\t\t\t\t\t\t  \n\t\t\t\t\t\t\t\t\t\t\t\t\t\t\t\n\t\t\t\t\t\t\t\t\t<div class=\"pafe-card-right\"> \n\t\t\t\t\t\t\t\t\t\t<div class=\"pafe-card-right__inner\">\n\t\t\t\t\t\t\t\t\t\t\t<a class=\"pafe-card-right__thumbnail\" href=\"https:\/\/brucsalut.com\/es\/aeidtf-cuando-hay-dano-quien-sufre\/\" style=\"background-image: url('https:\/\/brucsalut.com\/wp-content\/uploads\/2021\/10\/image2.png');\">\n\t\t\t\t\t\t\t\t\t\t\t<\/a>\n\t\t\t\t\t\t\t\t\t\t\t<div class=\"pafe-card-right__content\">\t\t\t\n\t\t\t\t\t\t\t\t\t\t\t\t<a href=\"https:\/\/brucsalut.com\/es\/aeidtf-cuando-hay-dano-quien-sufre\/\"><div class=\"pafe-card-right__title\"> AEI+DTF \u201cCU\u00c1NDO HAY DA\u00d1O: \u00bfQUI\u00c9N SUFRE?<\/div><\/a>\n\t\t\t\t\t\t\t\t\t\t\t\t\t\t\t\t\t\t\t\t\t\t\t<div class=\"pafe-card-right__info\">\n\t\t\t\t\t\t\t\t\t\t\t\t\t\t\t\t\t\t\t\t\t\t\t\t\t<span class=\"pafe-card-right__tag\">\n\t\t\t\t\t\t\t\t\t\t\t\t\t\t<i class=\"far fa-clock\"><\/i> 25 de junio de 2024\t\t\t\t\t\t\t\t\t\t\t\t\t<\/span>  \n\t\t\t\t\t\t\t\t\t\t\t\t\t\t\t\t\t\t\t\t\t\t\t\t<\/div>\n\t\t\t\t\t\t\t\t\t\t\t<\/div>\n\t\t\t\t\t\t\t\t\t\t<\/div>\n\t\t\t\t\t\t\t\t\t<\/div> \n\t\t\t\t\t\t\t\t\n\t\t\t\t\t\t\t \n\t\t\t\t\t\t<\/div>\n\t\t\t\t\t<\/div>\n\t\t\t\t<\/div>\t\n\t\t\t<\/div>\n\t\t\t\t\t\t<\/div>\n\t\t\t\t<\/div>\n\t\t\t\t\t<\/div>\n\t\t<\/div>\n\t\t\t\t\t<\/div>\n\t\t<\/section>\n\t\t\t\t<section class=\"elementor-section elementor-top-section elementor-element elementor-element-d7cbecd elementor-section-boxed elementor-section-height-default elementor-section-height-default\" data-id=\"d7cbecd\" data-element_type=\"section\" data-e-type=\"section\">\n\t\t\t\t\t\t<div class=\"elementor-container elementor-column-gap-default\">\n\t\t\t\t\t\t<\/div>\n\t\t<\/section>\n\t\t\t\t<\/div>\n\t\t","protected":false},"excerpt":{"rendered":"<p>Actualitat Consulta oberta i assessoria perinatal a professionals brucsalut 14. mar\u00e7 2022 Col\u00b7laboraci\u00f3 amb WoMer 14. mar\u00e7 2022 Congr\u00e9s 2022 de SEPYPNA 14. mar\u00e7 2022 Informe d&#8217;activitat perinatal de Bruc Salut des de 2015 14. mar\u00e7 2022 Xerrada Nadocat 8 octubre de 2021 4. octubre 2021 difusi\u00f3 7 Octubre 2021 sessio cientifica Dra Glover 4. [&hellip;]<\/p>\n","protected":false},"author":7,"featured_media":0,"parent":0,"menu_order":0,"comment_status":"closed","ping_status":"closed","template":"elementor_header_footer","meta":{"ocean_post_layout":"","ocean_both_sidebars_style":"","ocean_both_sidebars_content_width":0,"ocean_both_sidebars_sidebars_width":0,"ocean_sidebar":"0","ocean_second_sidebar":"0","ocean_disable_margins":"enable","ocean_add_body_class":"","ocean_shortcode_before_top_bar":"","ocean_shortcode_after_top_bar":"","ocean_shortcode_before_header":"","ocean_shortcode_after_header":"","ocean_has_shortcode":"","ocean_shortcode_after_title":"","ocean_shortcode_before_footer_widgets":"","ocean_shortcode_after_footer_widgets":"","ocean_shortcode_before_footer_bottom":"","ocean_shortcode_after_footer_bottom":"","ocean_display_top_bar":"default","ocean_display_header":"default","ocean_header_style":"","ocean_center_header_left_menu":"0","ocean_custom_header_template":"0","ocean_custom_logo":0,"ocean_custom_retina_logo":0,"ocean_custom_logo_max_width":0,"ocean_custom_logo_tablet_max_width":0,"ocean_custom_logo_mobile_max_width":0,"ocean_custom_logo_max_height":0,"ocean_custom_logo_tablet_max_height":0,"ocean_custom_logo_mobile_max_height":0,"ocean_header_custom_menu":"0","ocean_menu_typo_font_family":"0","ocean_menu_typo_font_subset":"","ocean_menu_typo_font_size":0,"ocean_menu_typo_font_size_tablet":0,"ocean_menu_typo_font_size_mobile":0,"ocean_menu_typo_font_size_unit":"px","ocean_menu_typo_font_weight":"","ocean_menu_typo_font_weight_tablet":"","ocean_menu_typo_font_weight_mobile":"","ocean_menu_typo_transform":"","ocean_menu_typo_transform_tablet":"","ocean_menu_typo_transform_mobile":"","ocean_menu_typo_line_height":0,"ocean_menu_typo_line_height_tablet":0,"ocean_menu_typo_line_height_mobile":0,"ocean_menu_typo_line_height_unit":"","ocean_menu_typo_spacing":0,"ocean_menu_typo_spacing_tablet":0,"ocean_menu_typo_spacing_mobile":0,"ocean_menu_typo_spacing_unit":"","ocean_menu_link_color":"","ocean_menu_link_color_hover":"","ocean_menu_link_color_active":"","ocean_menu_link_background":"","ocean_menu_link_hover_background":"","ocean_menu_link_active_background":"","ocean_menu_social_links_bg":"","ocean_menu_social_hover_links_bg":"","ocean_menu_social_links_color":"","ocean_menu_social_hover_links_color":"","ocean_disable_title":"on","ocean_disable_heading":"default","ocean_post_title":"","ocean_post_subheading":"","ocean_post_title_style":"","ocean_post_title_background_color":"","ocean_post_title_background":0,"ocean_post_title_bg_image_position":"","ocean_post_title_bg_image_attachment":"","ocean_post_title_bg_image_repeat":"","ocean_post_title_bg_image_size":"","ocean_post_title_height":0,"ocean_post_title_bg_overlay":0.5,"ocean_post_title_bg_overlay_color":"","ocean_disable_breadcrumbs":"default","ocean_breadcrumbs_color":"","ocean_breadcrumbs_separator_color":"","ocean_breadcrumbs_links_color":"","ocean_breadcrumbs_links_hover_color":"","ocean_display_footer_widgets":"default","ocean_display_footer_bottom":"default","ocean_custom_footer_template":"0","footnotes":""},"class_list":["post-1511","page","type-page","status-publish","hentry","entry","has-media"],"yoast_head":"<!-- This site is optimized with the Yoast SEO plugin v27.4 - https:\/\/yoast.com\/product\/yoast-seo-wordpress\/ -->\n<title>Actualidad - Bruc Salut | Centre de Psicologia i Perinatal<\/title>\n<meta name=\"robots\" content=\"index, follow, max-snippet:-1, max-image-preview:large, max-video-preview:-1\" \/>\n<link rel=\"canonical\" href=\"https:\/\/brucsalut.com\/es\/actualidad\/\" \/>\n<meta property=\"og:locale\" content=\"es_ES\" \/>\n<meta property=\"og:type\" content=\"article\" \/>\n<meta property=\"og:title\" content=\"Actualidad - Bruc Salut | Centre de Psicologia i Perinatal\" \/>\n<meta property=\"og:description\" content=\"Actualitat Consulta oberta i assessoria perinatal a professionals brucsalut 14. mar\u00e7 2022 Col\u00b7laboraci\u00f3 amb WoMer 14. mar\u00e7 2022 Congr\u00e9s 2022 de SEPYPNA 14. mar\u00e7 2022 Informe d&#8217;activitat perinatal de Bruc Salut des de 2015 14. mar\u00e7 2022 Xerrada Nadocat 8 octubre de 2021 4. octubre 2021 difusi\u00f3 7 Octubre 2021 sessio cientifica Dra Glover 4. [&hellip;]\" \/>\n<meta property=\"og:url\" content=\"https:\/\/brucsalut.com\/es\/actualidad\/\" \/>\n<meta property=\"og:site_name\" content=\"Bruc Salut | Centre de Psicologia i Perinatal\" \/>\n<meta property=\"article:modified_time\" content=\"2023-02-14T12:26:19+00:00\" \/>\n<meta property=\"og:image\" content=\"http:\/\/brucsalut.com\/wp-content\/uploads\/2020\/07\/Group-747-Copy@3x.png\" \/>\n<meta name=\"twitter:card\" content=\"summary_large_image\" \/>\n<meta name=\"twitter:label1\" content=\"Tiempo de lectura\" \/>\n\t<meta name=\"twitter:data1\" content=\"1 minuto\" \/>\n<script type=\"application\/ld+json\" class=\"yoast-schema-graph\">{\"@context\":\"https:\\\/\\\/schema.org\",\"@graph\":[{\"@type\":\"WebPage\",\"@id\":\"https:\\\/\\\/brucsalut.com\\\/es\\\/actualidad\\\/\",\"url\":\"https:\\\/\\\/brucsalut.com\\\/es\\\/actualidad\\\/\",\"name\":\"Actualidad - Bruc Salut | Centre de Psicologia i Perinatal\",\"isPartOf\":{\"@id\":\"https:\\\/\\\/brucsalut.com\\\/es\\\/#website\"},\"primaryImageOfPage\":{\"@id\":\"https:\\\/\\\/brucsalut.com\\\/es\\\/actualidad\\\/#primaryimage\"},\"image\":{\"@id\":\"https:\\\/\\\/brucsalut.com\\\/es\\\/actualidad\\\/#primaryimage\"},\"thumbnailUrl\":\"http:\\\/\\\/brucsalut.com\\\/wp-content\\\/uploads\\\/2020\\\/07\\\/Group-747-Copy@3x.png\",\"datePublished\":\"2020-07-29T08:30:30+00:00\",\"dateModified\":\"2023-02-14T12:26:19+00:00\",\"breadcrumb\":{\"@id\":\"https:\\\/\\\/brucsalut.com\\\/es\\\/actualidad\\\/#breadcrumb\"},\"inLanguage\":\"es\",\"potentialAction\":[{\"@type\":\"ReadAction\",\"target\":[\"https:\\\/\\\/brucsalut.com\\\/es\\\/actualidad\\\/\"]}]},{\"@type\":\"ImageObject\",\"inLanguage\":\"es\",\"@id\":\"https:\\\/\\\/brucsalut.com\\\/es\\\/actualidad\\\/#primaryimage\",\"url\":\"http:\\\/\\\/brucsalut.com\\\/wp-content\\\/uploads\\\/2020\\\/07\\\/Group-747-Copy@3x.png\",\"contentUrl\":\"http:\\\/\\\/brucsalut.com\\\/wp-content\\\/uploads\\\/2020\\\/07\\\/Group-747-Copy@3x.png\"},{\"@type\":\"BreadcrumbList\",\"@id\":\"https:\\\/\\\/brucsalut.com\\\/es\\\/actualidad\\\/#breadcrumb\",\"itemListElement\":[{\"@type\":\"ListItem\",\"position\":1,\"name\":\"Home\",\"item\":\"https:\\\/\\\/brucsalut.com\\\/es\\\/\"},{\"@type\":\"ListItem\",\"position\":2,\"name\":\"Actualidad\"}]},{\"@type\":\"WebSite\",\"@id\":\"https:\\\/\\\/brucsalut.com\\\/es\\\/#website\",\"url\":\"https:\\\/\\\/brucsalut.com\\\/es\\\/\",\"name\":\"Bruc Salut | Centre de Psicologia i Perinatal\",\"description\":\"\",\"publisher\":{\"@id\":\"https:\\\/\\\/brucsalut.com\\\/es\\\/#organization\"},\"potentialAction\":[{\"@type\":\"SearchAction\",\"target\":{\"@type\":\"EntryPoint\",\"urlTemplate\":\"https:\\\/\\\/brucsalut.com\\\/es\\\/?s={search_term_string}\"},\"query-input\":{\"@type\":\"PropertyValueSpecification\",\"valueRequired\":true,\"valueName\":\"search_term_string\"}}],\"inLanguage\":\"es\"},{\"@type\":\"Organization\",\"@id\":\"https:\\\/\\\/brucsalut.com\\\/es\\\/#organization\",\"name\":\"Bruc Salut | Centre de Psicologia i Perinatal\",\"url\":\"https:\\\/\\\/brucsalut.com\\\/es\\\/\",\"logo\":{\"@type\":\"ImageObject\",\"inLanguage\":\"es\",\"@id\":\"https:\\\/\\\/brucsalut.com\\\/es\\\/#\\\/schema\\\/logo\\\/image\\\/\",\"url\":\"https:\\\/\\\/brucsalut.com\\\/wp-content\\\/uploads\\\/2020\\\/07\\\/logo@2x.png\",\"contentUrl\":\"https:\\\/\\\/brucsalut.com\\\/wp-content\\\/uploads\\\/2020\\\/07\\\/logo@2x.png\",\"width\":512,\"height\":119,\"caption\":\"Bruc Salut | Centre de Psicologia i Perinatal\"},\"image\":{\"@id\":\"https:\\\/\\\/brucsalut.com\\\/es\\\/#\\\/schema\\\/logo\\\/image\\\/\"}}]}<\/script>\n<!-- \/ Yoast SEO plugin. -->","yoast_head_json":{"title":"Actualidad - Bruc Salut | Centre de Psicologia i Perinatal","robots":{"index":"index","follow":"follow","max-snippet":"max-snippet:-1","max-image-preview":"max-image-preview:large","max-video-preview":"max-video-preview:-1"},"canonical":"https:\/\/brucsalut.com\/es\/actualidad\/","og_locale":"es_ES","og_type":"article","og_title":"Actualidad - Bruc Salut | Centre de Psicologia i Perinatal","og_description":"Actualitat Consulta oberta i assessoria perinatal a professionals brucsalut 14. mar\u00e7 2022 Col\u00b7laboraci\u00f3 amb WoMer 14. mar\u00e7 2022 Congr\u00e9s 2022 de SEPYPNA 14. mar\u00e7 2022 Informe d&#8217;activitat perinatal de Bruc Salut des de 2015 14. mar\u00e7 2022 Xerrada Nadocat 8 octubre de 2021 4. octubre 2021 difusi\u00f3 7 Octubre 2021 sessio cientifica Dra Glover 4. [&hellip;]","og_url":"https:\/\/brucsalut.com\/es\/actualidad\/","og_site_name":"Bruc Salut | Centre de Psicologia i Perinatal","article_modified_time":"2023-02-14T12:26:19+00:00","og_image":[{"url":"http:\/\/brucsalut.com\/wp-content\/uploads\/2020\/07\/Group-747-Copy@3x.png","type":"","width":"","height":""}],"twitter_card":"summary_large_image","twitter_misc":{"Tiempo de lectura":"1 minuto"},"schema":{"@context":"https:\/\/schema.org","@graph":[{"@type":"WebPage","@id":"https:\/\/brucsalut.com\/es\/actualidad\/","url":"https:\/\/brucsalut.com\/es\/actualidad\/","name":"Actualidad - Bruc Salut | Centre de Psicologia i Perinatal","isPartOf":{"@id":"https:\/\/brucsalut.com\/es\/#website"},"primaryImageOfPage":{"@id":"https:\/\/brucsalut.com\/es\/actualidad\/#primaryimage"},"image":{"@id":"https:\/\/brucsalut.com\/es\/actualidad\/#primaryimage"},"thumbnailUrl":"http:\/\/brucsalut.com\/wp-content\/uploads\/2020\/07\/Group-747-Copy@3x.png","datePublished":"2020-07-29T08:30:30+00:00","dateModified":"2023-02-14T12:26:19+00:00","breadcrumb":{"@id":"https:\/\/brucsalut.com\/es\/actualidad\/#breadcrumb"},"inLanguage":"es","potentialAction":[{"@type":"ReadAction","target":["https:\/\/brucsalut.com\/es\/actualidad\/"]}]},{"@type":"ImageObject","inLanguage":"es","@id":"https:\/\/brucsalut.com\/es\/actualidad\/#primaryimage","url":"http:\/\/brucsalut.com\/wp-content\/uploads\/2020\/07\/Group-747-Copy@3x.png","contentUrl":"http:\/\/brucsalut.com\/wp-content\/uploads\/2020\/07\/Group-747-Copy@3x.png"},{"@type":"BreadcrumbList","@id":"https:\/\/brucsalut.com\/es\/actualidad\/#breadcrumb","itemListElement":[{"@type":"ListItem","position":1,"name":"Home","item":"https:\/\/brucsalut.com\/es\/"},{"@type":"ListItem","position":2,"name":"Actualidad"}]},{"@type":"WebSite","@id":"https:\/\/brucsalut.com\/es\/#website","url":"https:\/\/brucsalut.com\/es\/","name":"Bruc Salut | Centre de Psicologia i Perinatal","description":"","publisher":{"@id":"https:\/\/brucsalut.com\/es\/#organization"},"potentialAction":[{"@type":"SearchAction","target":{"@type":"EntryPoint","urlTemplate":"https:\/\/brucsalut.com\/es\/?s={search_term_string}"},"query-input":{"@type":"PropertyValueSpecification","valueRequired":true,"valueName":"search_term_string"}}],"inLanguage":"es"},{"@type":"Organization","@id":"https:\/\/brucsalut.com\/es\/#organization","name":"Bruc Salut | Centre de Psicologia i Perinatal","url":"https:\/\/brucsalut.com\/es\/","logo":{"@type":"ImageObject","inLanguage":"es","@id":"https:\/\/brucsalut.com\/es\/#\/schema\/logo\/image\/","url":"https:\/\/brucsalut.com\/wp-content\/uploads\/2020\/07\/logo@2x.png","contentUrl":"https:\/\/brucsalut.com\/wp-content\/uploads\/2020\/07\/logo@2x.png","width":512,"height":119,"caption":"Bruc Salut | Centre de Psicologia i Perinatal"},"image":{"@id":"https:\/\/brucsalut.com\/es\/#\/schema\/logo\/image\/"}}]}},"_links":{"self":[{"href":"https:\/\/brucsalut.com\/es\/wp-json\/wp\/v2\/pages\/1511","targetHints":{"allow":["GET"]}}],"collection":[{"href":"https:\/\/brucsalut.com\/es\/wp-json\/wp\/v2\/pages"}],"about":[{"href":"https:\/\/brucsalut.com\/es\/wp-json\/wp\/v2\/types\/page"}],"author":[{"embeddable":true,"href":"https:\/\/brucsalut.com\/es\/wp-json\/wp\/v2\/users\/7"}],"replies":[{"embeddable":true,"href":"https:\/\/brucsalut.com\/es\/wp-json\/wp\/v2\/comments?post=1511"}],"version-history":[{"count":0,"href":"https:\/\/brucsalut.com\/es\/wp-json\/wp\/v2\/pages\/1511\/revisions"}],"wp:attachment":[{"href":"https:\/\/brucsalut.com\/es\/wp-json\/wp\/v2\/media?parent=1511"}],"curies":[{"name":"wp","href":"https:\/\/api.w.org\/{rel}","templated":true}]}}